{"id":4449,"date":"2024-04-15T08:11:50","date_gmt":"2024-04-15T08:11:50","guid":{"rendered":"https:\/\/serfrisa.es\/?page_id=4449"},"modified":"2024-04-23T16:50:28","modified_gmt":"2024-04-23T16:50:28","slug":"nosotros","status":"publish","type":"page","link":"https:\/\/serfrisa.es\/?page_id=4449","title":{"rendered":"Nosotros"},"content":{"rendered":"\t\t<div data-elementor-type=\"wp-page\" data-elementor-id=\"4449\" class=\"elementor elementor-4449\">\n\t\t\t\t\t\t<section class=\"elementor-section elementor-top-section elementor-element elementor-element-e84b713 dark-section sobre-nosotros elementor-section-content-middle inherit-header-color elementor-default-width content-max-width elementor-section-height-default elementor-section-height-default\" data-id=\"e84b713\" data-element_type=\"section\" data-e-type=\"section\" data-settings=\"{&quot;background_background&quot;:&quot;classic&quot;}\">\n\t\t\t\t\t\t<div class=\"elementor-container elementor-column-gap-no\">\n\t\t\t\t\t<div class=\"elementor-column elementor-col-100 elementor-top-column elementor-element elementor-element-d2b3ca8\" data-id=\"d2b3ca8\" data-element_type=\"column\" data-e-type=\"column\">\n\t\t\t<div class=\"elementor-widget-wrap elementor-element-populated\">\n\t\t\t\t\t\t<div class=\"elementor-element elementor-element-e9d2bf2 text-align-left titulo elementor-widget elementor-widget-serano_heading\" data-id=\"e9d2bf2\" data-element_type=\"widget\" data-e-type=\"widget\" data-widget_type=\"serano_heading.default\">\n\t\t\t\t<div class=\"elementor-widget-container\">\n\t\t\t\t\t<h2>Sobre nosotros<\/h2>\t\t\t\t<\/div>\n\t\t\t\t<\/div>\n\t\t\t\t<div class=\"elementor-element elementor-element-30a237c imagen-sobre-nosotros elementor-widget elementor-widget-image\" data-id=\"30a237c\" data-element_type=\"widget\" data-e-type=\"widget\" data-widget_type=\"image.default\">\n\t\t\t\t<div class=\"elementor-widget-container\">\n\t\t\t\t\t\t\t\t\t\t\t\t\t\t\t<img fetchpriority=\"high\" decoding=\"async\" width=\"890\" height=\"400\" src=\"https:\/\/serfrisa.es\/wp-content\/uploads\/2024\/04\/sobre-nosotros.png\" class=\"attachment-full size-full wp-image-4455\" alt=\"\" srcset=\"https:\/\/serfrisa.es\/wp-content\/uploads\/2024\/04\/sobre-nosotros.png 890w, https:\/\/serfrisa.es\/wp-content\/uploads\/2024\/04\/sobre-nosotros-300x135.png 300w, https:\/\/serfrisa.es\/wp-content\/uploads\/2024\/04\/sobre-nosotros-768x345.png 768w\" sizes=\"(max-width: 890px) 100vw, 890px\" \/>\t\t\t\t\t\t\t\t\t\t\t\t\t\t\t<\/div>\n\t\t\t\t<\/div>\n\t\t\t\t<div class=\"elementor-element elementor-element-036a5e9 elementor-widget elementor-widget-text-editor\" data-id=\"036a5e9\" data-element_type=\"widget\" data-e-type=\"widget\" data-widget_type=\"text-editor.default\">\n\t\t\t\t<div class=\"elementor-widget-container\">\n\t\t\t\t\t\t\t\t\t<p class=\"parrafo\">\n  En nuestra f\u00e1brica de hielo, arraigada en\n  <span class=\"especial\">Santa Eugenia de Ribeira, La Coru\u00f1a<\/span>, desde los\n  a\u00f1os 80, hemos sido testigos del crecimiento constante de nuestro puerto y\n  hemos crecido junto a \u00e9l. Lo que comenz\u00f3 como una modesta cooperativa ha\n  evolucionado hasta convertirse en una s\u00f3lida sociedad an\u00f3nima que hoy en d\u00eda\n  emplea a 6 personas profesionales.\n<\/p>\n<p class=\"parrafo\"> \n  Con una capacidad de producci\u00f3n de hielo en escamas de 90 toneladas diarias\n  nos enorgullece ofrecer un servicio esencial tanto para la <span class=\"especial\">industria<\/span> pesquera\n  como para otros <span class=\"especial\">sectores mar\u00edtimos<\/span> . Adem\u00e1s de suministrar hielo de alta\n  calidad, tambi\u00e9n proporcionamos <span class=\"especial\">conexiones el\u00e9ctricas<\/span> a los barcos que atracan\n  en nuestro puerto, asegurando que est\u00e9n equipados y listos para emprender sus\n  traves\u00edas.\n<\/p>\n<p class=\"parrafo\">\n  En nuestra f\u00e1brica, la <span class=\"especial\">calidad<\/span> y la <span class=\"especial\">eficiencia<\/span> son nuestras m\u00e1ximas\n  prioridades. Desde los m\u00e9todos de producci\u00f3n hasta el servicio al cliente, nos\n  esforzamos por mantener los m\u00e1s altos est\u00e1ndares en todo lo que hacemos.\n  Estamos comprometidos con la sostenibilidad y la responsabilidad ambiental,\n  asegur\u00e1ndonos de operar de manera consciente y respetuosa con el entorno\n  marino que tanto valoramos.\n<\/p>\n\t\t\t\t\t\t\t\t<\/div>\n\t\t\t\t<\/div>\n\t\t\t\t\t<\/div>\n\t\t<\/div>\n\t\t\t\t\t<\/div>\n\t\t<\/section>\n\t\t\t\t<section class=\"elementor-section elementor-top-section elementor-element elementor-element-b6bbc94 dark-section titulo-historia inherit-header-color elementor-default-width content-max-width elementor-section-height-default elementor-section-height-default\" data-id=\"b6bbc94\" data-element_type=\"section\" data-e-type=\"section\" data-settings=\"{&quot;background_background&quot;:&quot;classic&quot;}\">\n\t\t\t\t\t\t<div class=\"elementor-container elementor-column-gap-no\">\n\t\t\t\t\t<div class=\"elementor-column elementor-col-100 elementor-top-column elementor-element elementor-element-074b9fc\" data-id=\"074b9fc\" data-element_type=\"column\" data-e-type=\"column\">\n\t\t\t<div class=\"elementor-widget-wrap elementor-element-populated\">\n\t\t\t\t\t\t<div class=\"elementor-element elementor-element-c20220e text-align-left titulo elementor-widget elementor-widget-serano_heading\" data-id=\"c20220e\" data-element_type=\"widget\" data-e-type=\"widget\" data-widget_type=\"serano_heading.default\">\n\t\t\t\t<div class=\"elementor-widget-container\">\n\t\t\t\t\t<h2 class=\"titulo\">Historia<\/h2>\t\t\t\t<\/div>\n\t\t\t\t<\/div>\n\t\t\t\t\t<\/div>\n\t\t<\/div>\n\t\t\t\t\t<\/div>\n\t\t<\/section>\n\t\t\t\t<section class=\"elementor-section elementor-top-section elementor-element elementor-element-f0a21e6 dark-section contenido-historia elementor-section-content-middle inherit-header-color elementor-default-width content-max-width elementor-section-height-default elementor-section-height-default\" data-id=\"f0a21e6\" data-element_type=\"section\" data-e-type=\"section\" data-settings=\"{&quot;background_background&quot;:&quot;classic&quot;}\">\n\t\t\t\t\t\t<div class=\"elementor-container elementor-column-gap-no\">\n\t\t\t\t\t<div class=\"elementor-column elementor-col-50 elementor-top-column elementor-element elementor-element-0d98d38 col-1\" data-id=\"0d98d38\" data-element_type=\"column\" data-e-type=\"column\">\n\t\t\t<div class=\"elementor-widget-wrap elementor-element-populated\">\n\t\t\t\t\t\t<div class=\"elementor-element elementor-element-c29e37e elementor-widget elementor-widget-image\" data-id=\"c29e37e\" data-element_type=\"widget\" data-e-type=\"widget\" data-widget_type=\"image.default\">\n\t\t\t\t<div class=\"elementor-widget-container\">\n\t\t\t\t\t\t\t\t\t\t\t\t\t\t\t<img decoding=\"async\" width=\"592\" height=\"401\" src=\"https:\/\/serfrisa.es\/wp-content\/uploads\/2024\/04\/historia.png\" class=\"attachment-full size-full wp-image-4457\" alt=\"\" srcset=\"https:\/\/serfrisa.es\/wp-content\/uploads\/2024\/04\/historia.png 592w, https:\/\/serfrisa.es\/wp-content\/uploads\/2024\/04\/historia-300x203.png 300w\" sizes=\"(max-width: 592px) 100vw, 592px\" \/>\t\t\t\t\t\t\t\t\t\t\t\t\t\t\t<\/div>\n\t\t\t\t<\/div>\n\t\t\t\t\t<\/div>\n\t\t<\/div>\n\t\t\t\t<div class=\"elementor-column elementor-col-50 elementor-top-column elementor-element elementor-element-44c9241 col-2\" data-id=\"44c9241\" data-element_type=\"column\" data-e-type=\"column\">\n\t\t\t<div class=\"elementor-widget-wrap elementor-element-populated\">\n\t\t\t\t\t\t<div class=\"elementor-element elementor-element-260ef3b elementor-widget elementor-widget-text-editor\" data-id=\"260ef3b\" data-element_type=\"widget\" data-e-type=\"widget\" data-widget_type=\"text-editor.default\">\n\t\t\t\t<div class=\"elementor-widget-container\">\n\t\t\t\t\t\t\t\t\t<p class=\"parrafo\">En 1984, un grupo de armadores y exportadores de pescado de Ribeira,\ndecidieron unirse para fundar una cooperativa y hacer una f\u00e1brica de hielo, para\npoder dar servicio de hielo a la flota de la regi\u00f3n, sin tener que desplazarse, etc.\nera m\u00e1s rentable para todos, por eso la \u00abSociedad\nCooperativa de Servicios de Frio de Riveira\u00bb, pasando en el a\u00f1o 1990 a\nconvertirse en una sociedad an\u00f3nima bajo el nombre de\n<span class=\"especial\">\u00abServicios de Fr\u00edo de Riveira, S.A.\u00bb<\/span><\/p>\n<p class=\"parrafo\">La primera Junta Directiva estuvo formada por:\n<span class=\"nombre\">D. Edelmiro Docampo Paradelo<\/span> (copresidente),\n<span class=\"nombre\">D. Juan Perez Gonzalez<\/span> (copresidente),\n<span class=\"nombre\">D. Jose Manuel Perez Paz<\/span> (vicepresidente) y\n<span class=\"nombre\">D. Jaime Carreira de la Fuente<\/span> (secretario).<\/p>\n<p class=\"parrafo\">Con el tiempo, el puerto de Ribeira se convirti\u00f3 en el puerto m\u00e1s interior\nimportante de Espa\u00f1a, y a medida que crec\u00eda el mercado y la flota,\nSe estaban mejorando nuestras instalaciones para adaptarlas a los servicios del mercado.\nque ten\u00edan demanda, por eso hoy ofrecemos servicios de venta de hielo\na escala, adem\u00e1s de suministrar electricidad y agua a los barcos.<\/p>\t\t\t\t\t\t\t\t<\/div>\n\t\t\t\t<\/div>\n\t\t\t\t\t<\/div>\n\t\t<\/div>\n\t\t\t\t\t<\/div>\n\t\t<\/section>\n\t\t\t\t<section class=\"elementor-section elementor-top-section elementor-element elementor-element-ad6ab01 dark-section empleados inherit-header-color elementor-default-width content-max-width elementor-section-height-default elementor-section-height-default\" data-id=\"ad6ab01\" data-element_type=\"section\" data-e-type=\"section\" data-settings=\"{&quot;background_background&quot;:&quot;classic&quot;}\">\n\t\t\t\t\t\t<div class=\"elementor-container elementor-column-gap-no\">\n\t\t\t\t\t<div class=\"elementor-column elementor-col-100 elementor-top-column elementor-element elementor-element-087db8b\" data-id=\"087db8b\" data-element_type=\"column\" data-e-type=\"column\">\n\t\t\t<div class=\"elementor-widget-wrap elementor-element-populated\">\n\t\t\t\t\t\t<div class=\"elementor-element elementor-element-08f6341 titulo-empleados elementor-widget elementor-widget-text-editor\" data-id=\"08f6341\" data-element_type=\"widget\" data-e-type=\"widget\" data-widget_type=\"text-editor.default\">\n\t\t\t\t<div class=\"elementor-widget-container\">\n\t\t\t\t\t\t\t\t\t<p>Consejo de Admon. a d\u00eda de hoy:<\/p>\t\t\t\t\t\t\t\t<\/div>\n\t\t\t\t<\/div>\n\t\t\t\t<div class=\"elementor-element elementor-element-430abfb lista-empleados elementor-widget elementor-widget-serano_team_members\" data-id=\"430abfb\" data-element_type=\"widget\" data-e-type=\"widget\" data-widget_type=\"serano_team_members.default\">\n\t\t\t\t<div class=\"elementor-widget-container\">\n\t\t\t\t\t<ul class=\"team-members-list\" data-fx=\"1\"><li class=\"hide-ball has-hover-image\" data-img=\"https:\/\/serfrisa.es\/wp-content\/plugins\/elementor\/assets\/images\/placeholder.png\"><div class=\"team-member has-animation\"><div>RAMON V. MARTINEZ PARADA<\/div><span>Presidente<\/span><\/div><\/li><li class=\"hide-ball has-hover-image\" data-img=\"https:\/\/serfrisa.es\/wp-content\/plugins\/elementor\/assets\/images\/placeholder.png\"><div class=\"team-member has-animation\"><div>JOSE MARI\u00d1O DIOS<\/div><span>Secretario<\/span><\/div><\/li><li class=\"hide-ball has-hover-image\" data-img=\"https:\/\/serfrisa.es\/wp-content\/plugins\/elementor\/assets\/images\/placeholder.png\"><div class=\"team-member has-animation\"><div>JOSE FCO. LIJO GONZALEZ<\/div><span>Vocal<\/span><\/div><\/li><li class=\"hide-ball has-hover-image\" data-img=\"https:\/\/serfrisa.es\/wp-content\/plugins\/elementor\/assets\/images\/placeholder.png\"><div class=\"team-member has-animation\"><div>ALEJANDRO CADABAL LEMA<\/div><span>Vocal<\/span><\/div><\/li><\/ul>\t\t\t\t<\/div>\n\t\t\t\t<\/div>\n\t\t\t\t\t<\/div>\n\t\t<\/div>\n\t\t\t\t\t<\/div>\n\t\t<\/section>\n\t\t\t\t<section class=\"elementor-section elementor-top-section elementor-element elementor-element-6fd4259 dark-section despedida inherit-header-color elementor-default-width content-max-width elementor-section-height-default elementor-section-height-default\" data-id=\"6fd4259\" data-element_type=\"section\" data-e-type=\"section\" data-settings=\"{&quot;background_background&quot;:&quot;classic&quot;}\">\n\t\t\t\t\t\t<div class=\"elementor-container elementor-column-gap-no\">\n\t\t\t\t\t<div class=\"elementor-column elementor-col-100 elementor-top-column elementor-element elementor-element-6ba3835\" data-id=\"6ba3835\" data-element_type=\"column\" data-e-type=\"column\">\n\t\t\t<div class=\"elementor-widget-wrap elementor-element-populated\">\n\t\t\t\t\t\t<div class=\"elementor-element elementor-element-c0ff698 texto-despedida elementor-widget elementor-widget-text-editor\" data-id=\"c0ff698\" data-element_type=\"widget\" data-e-type=\"widget\" data-widget_type=\"text-editor.default\">\n\t\t\t\t<div class=\"elementor-widget-container\">\n\t\t\t\t\t\t\t\t\t<p>\u00a1Gracias por visitar nuestra p\u00e1gina web y por considerar a nuestra f\u00e1brica de hielo como su proveedor! Estamos aqu\u00ed para servirle.<\/p>\t\t\t\t\t\t\t\t<\/div>\n\t\t\t\t<\/div>\n\t\t\t\t\t<\/div>\n\t\t<\/div>\n\t\t\t\t\t<\/div>\n\t\t<\/section>\n\t\t\t\t<\/div>\n\t\t","protected":false},"excerpt":{"rendered":"<p>Sobre nosotros En nuestra f\u00e1brica de hielo, arraigada en Santa Eugenia de Ribeira, La Coru\u00f1a, desde los a\u00f1os 80, hemos sido testigos del crecimiento constante de nuestro puerto y hemos crecido junto a \u00e9l. Lo [&hellip;]<\/p>\n","protected":false},"author":1,"featured_media":0,"parent":0,"menu_order":0,"comment_status":"closed","ping_status":"closed","template":"","meta":{"inline_featured_image":false,"footnotes":""},"class_list":["post-4449","page","type-page","status-publish","hentry"],"yoast_head":"<!-- This site is optimized with the Yoast SEO plugin v27.4 - https:\/\/yoast.com\/product\/yoast-seo-wordpress\/ -->\n<title>Nosotros - Serfrisa | F\u00e1brica de hielo<\/title>\n<meta name=\"description\" content=\"Sobre nosotros En nuestra f\u00e1brica de hielo, arraigada en Santa Eugenia de Ribeira, La Coru\u00f1a, desde los a\u00f1os 80, hemos sido testigos del crecimiento\" \/>\n<meta name=\"robots\" content=\"index, follow, max-snippet:-1, max-image-preview:large, max-video-preview:-1\" \/>\n<link rel=\"canonical\" href=\"https:\/\/serfrisa.es\/?page_id=4449\" \/>\n<meta property=\"og:locale\" content=\"es_ES\" \/>\n<meta property=\"og:type\" content=\"article\" \/>\n<meta property=\"og:title\" content=\"Nosotros - Serfrisa | F\u00e1brica de hielo\" \/>\n<meta property=\"og:description\" content=\"Sobre nosotros En nuestra f\u00e1brica de hielo, arraigada en Santa Eugenia de Ribeira, La Coru\u00f1a, desde los a\u00f1os 80, hemos sido testigos del crecimiento\" \/>\n<meta property=\"og:url\" content=\"https:\/\/serfrisa.es\/?page_id=4449\" \/>\n<meta property=\"og:site_name\" content=\"Serfrisa | F\u00e1brica de hielo\" \/>\n<meta property=\"article:modified_time\" content=\"2024-04-23T16:50:28+00:00\" \/>\n<meta property=\"og:image\" content=\"https:\/\/serfrisa.es\/wp-content\/uploads\/2024\/04\/sobre-nosotros.png\" \/>\n<meta name=\"twitter:card\" content=\"summary_large_image\" \/>\n<meta name=\"twitter:label1\" content=\"Tiempo de lectura\" \/>\n\t<meta name=\"twitter:data1\" content=\"3 minutos\" \/>\n<script type=\"application\/ld+json\" class=\"yoast-schema-graph\">{\"@context\":\"https:\\\/\\\/schema.org\",\"@graph\":[{\"@type\":\"WebPage\",\"@id\":\"https:\\\/\\\/serfrisa.es\\\/?page_id=4449\",\"url\":\"https:\\\/\\\/serfrisa.es\\\/?page_id=4449\",\"name\":\"Nosotros - Serfrisa | F\u00e1brica de hielo\",\"isPartOf\":{\"@id\":\"https:\\\/\\\/serfrisa.es\\\/#website\"},\"primaryImageOfPage\":{\"@id\":\"https:\\\/\\\/serfrisa.es\\\/?page_id=4449#primaryimage\"},\"image\":{\"@id\":\"https:\\\/\\\/serfrisa.es\\\/?page_id=4449#primaryimage\"},\"thumbnailUrl\":\"https:\\\/\\\/serfrisa.es\\\/wp-content\\\/uploads\\\/2024\\\/04\\\/sobre-nosotros.png\",\"datePublished\":\"2024-04-15T08:11:50+00:00\",\"dateModified\":\"2024-04-23T16:50:28+00:00\",\"description\":\"Sobre nosotros En nuestra f\u00e1brica de hielo, arraigada en Santa Eugenia de Ribeira, La Coru\u00f1a, desde los a\u00f1os 80, hemos sido testigos del crecimiento\",\"breadcrumb\":{\"@id\":\"https:\\\/\\\/serfrisa.es\\\/?page_id=4449#breadcrumb\"},\"inLanguage\":\"es\",\"potentialAction\":[{\"@type\":\"ReadAction\",\"target\":[\"https:\\\/\\\/serfrisa.es\\\/?page_id=4449\"]}]},{\"@type\":\"ImageObject\",\"inLanguage\":\"es\",\"@id\":\"https:\\\/\\\/serfrisa.es\\\/?page_id=4449#primaryimage\",\"url\":\"https:\\\/\\\/serfrisa.es\\\/wp-content\\\/uploads\\\/2024\\\/04\\\/sobre-nosotros.png\",\"contentUrl\":\"https:\\\/\\\/serfrisa.es\\\/wp-content\\\/uploads\\\/2024\\\/04\\\/sobre-nosotros.png\",\"width\":890,\"height\":400},{\"@type\":\"BreadcrumbList\",\"@id\":\"https:\\\/\\\/serfrisa.es\\\/?page_id=4449#breadcrumb\",\"itemListElement\":[{\"@type\":\"ListItem\",\"position\":1,\"name\":\"Portada\",\"item\":\"https:\\\/\\\/serfrisa.es\\\/\"},{\"@type\":\"ListItem\",\"position\":2,\"name\":\"Nosotros\"}]},{\"@type\":\"WebSite\",\"@id\":\"https:\\\/\\\/serfrisa.es\\\/#website\",\"url\":\"https:\\\/\\\/serfrisa.es\\\/\",\"name\":\"Serfrisa | F\u00e1brica de hielo\",\"description\":\"Fabricaci\u00f3n y venta de hielo en Santa Eugenia de Ribeira\",\"publisher\":{\"@id\":\"https:\\\/\\\/serfrisa.es\\\/#organization\"},\"potentialAction\":[{\"@type\":\"SearchAction\",\"target\":{\"@type\":\"EntryPoint\",\"urlTemplate\":\"https:\\\/\\\/serfrisa.es\\\/?s={search_term_string}\"},\"query-input\":{\"@type\":\"PropertyValueSpecification\",\"valueRequired\":true,\"valueName\":\"search_term_string\"}}],\"inLanguage\":\"es\"},{\"@type\":\"Organization\",\"@id\":\"https:\\\/\\\/serfrisa.es\\\/#organization\",\"name\":\"Serfrisa | F\u00e1brica de hielo\",\"url\":\"https:\\\/\\\/serfrisa.es\\\/\",\"logo\":{\"@type\":\"ImageObject\",\"inLanguage\":\"es\",\"@id\":\"https:\\\/\\\/serfrisa.es\\\/#\\\/schema\\\/logo\\\/image\\\/\",\"url\":\"https:\\\/\\\/serfrisa.es\\\/wp-content\\\/uploads\\\/2024\\\/04\\\/cropped-Favicon-serfrisa.png\",\"contentUrl\":\"https:\\\/\\\/serfrisa.es\\\/wp-content\\\/uploads\\\/2024\\\/04\\\/cropped-Favicon-serfrisa.png\",\"width\":512,\"height\":512,\"caption\":\"Serfrisa | F\u00e1brica de hielo\"},\"image\":{\"@id\":\"https:\\\/\\\/serfrisa.es\\\/#\\\/schema\\\/logo\\\/image\\\/\"}}]}<\/script>\n<!-- \/ Yoast SEO plugin. -->","yoast_head_json":{"title":"Nosotros - Serfrisa | F\u00e1brica de hielo","description":"Sobre nosotros En nuestra f\u00e1brica de hielo, arraigada en Santa Eugenia de Ribeira, La Coru\u00f1a, desde los a\u00f1os 80, hemos sido testigos del crecimiento","robots":{"index":"index","follow":"follow","max-snippet":"max-snippet:-1","max-image-preview":"max-image-preview:large","max-video-preview":"max-video-preview:-1"},"canonical":"https:\/\/serfrisa.es\/?page_id=4449","og_locale":"es_ES","og_type":"article","og_title":"Nosotros - Serfrisa | F\u00e1brica de hielo","og_description":"Sobre nosotros En nuestra f\u00e1brica de hielo, arraigada en Santa Eugenia de Ribeira, La Coru\u00f1a, desde los a\u00f1os 80, hemos sido testigos del crecimiento","og_url":"https:\/\/serfrisa.es\/?page_id=4449","og_site_name":"Serfrisa | F\u00e1brica de hielo","article_modified_time":"2024-04-23T16:50:28+00:00","og_image":[{"url":"https:\/\/serfrisa.es\/wp-content\/uploads\/2024\/04\/sobre-nosotros.png","type":"","width":"","height":""}],"twitter_card":"summary_large_image","twitter_misc":{"Tiempo de lectura":"3 minutos"},"schema":{"@context":"https:\/\/schema.org","@graph":[{"@type":"WebPage","@id":"https:\/\/serfrisa.es\/?page_id=4449","url":"https:\/\/serfrisa.es\/?page_id=4449","name":"Nosotros - Serfrisa | F\u00e1brica de hielo","isPartOf":{"@id":"https:\/\/serfrisa.es\/#website"},"primaryImageOfPage":{"@id":"https:\/\/serfrisa.es\/?page_id=4449#primaryimage"},"image":{"@id":"https:\/\/serfrisa.es\/?page_id=4449#primaryimage"},"thumbnailUrl":"https:\/\/serfrisa.es\/wp-content\/uploads\/2024\/04\/sobre-nosotros.png","datePublished":"2024-04-15T08:11:50+00:00","dateModified":"2024-04-23T16:50:28+00:00","description":"Sobre nosotros En nuestra f\u00e1brica de hielo, arraigada en Santa Eugenia de Ribeira, La Coru\u00f1a, desde los a\u00f1os 80, hemos sido testigos del crecimiento","breadcrumb":{"@id":"https:\/\/serfrisa.es\/?page_id=4449#breadcrumb"},"inLanguage":"es","potentialAction":[{"@type":"ReadAction","target":["https:\/\/serfrisa.es\/?page_id=4449"]}]},{"@type":"ImageObject","inLanguage":"es","@id":"https:\/\/serfrisa.es\/?page_id=4449#primaryimage","url":"https:\/\/serfrisa.es\/wp-content\/uploads\/2024\/04\/sobre-nosotros.png","contentUrl":"https:\/\/serfrisa.es\/wp-content\/uploads\/2024\/04\/sobre-nosotros.png","width":890,"height":400},{"@type":"BreadcrumbList","@id":"https:\/\/serfrisa.es\/?page_id=4449#breadcrumb","itemListElement":[{"@type":"ListItem","position":1,"name":"Portada","item":"https:\/\/serfrisa.es\/"},{"@type":"ListItem","position":2,"name":"Nosotros"}]},{"@type":"WebSite","@id":"https:\/\/serfrisa.es\/#website","url":"https:\/\/serfrisa.es\/","name":"Serfrisa | F\u00e1brica de hielo","description":"Fabricaci\u00f3n y venta de hielo en Santa Eugenia de Ribeira","publisher":{"@id":"https:\/\/serfrisa.es\/#organization"},"potentialAction":[{"@type":"SearchAction","target":{"@type":"EntryPoint","urlTemplate":"https:\/\/serfrisa.es\/?s={search_term_string}"},"query-input":{"@type":"PropertyValueSpecification","valueRequired":true,"valueName":"search_term_string"}}],"inLanguage":"es"},{"@type":"Organization","@id":"https:\/\/serfrisa.es\/#organization","name":"Serfrisa | F\u00e1brica de hielo","url":"https:\/\/serfrisa.es\/","logo":{"@type":"ImageObject","inLanguage":"es","@id":"https:\/\/serfrisa.es\/#\/schema\/logo\/image\/","url":"https:\/\/serfrisa.es\/wp-content\/uploads\/2024\/04\/cropped-Favicon-serfrisa.png","contentUrl":"https:\/\/serfrisa.es\/wp-content\/uploads\/2024\/04\/cropped-Favicon-serfrisa.png","width":512,"height":512,"caption":"Serfrisa | F\u00e1brica de hielo"},"image":{"@id":"https:\/\/serfrisa.es\/#\/schema\/logo\/image\/"}}]}},"_links":{"self":[{"href":"https:\/\/serfrisa.es\/index.php?rest_route=\/wp\/v2\/pages\/4449","targetHints":{"allow":["GET"]}}],"collection":[{"href":"https:\/\/serfrisa.es\/index.php?rest_route=\/wp\/v2\/pages"}],"about":[{"href":"https:\/\/serfrisa.es\/index.php?rest_route=\/wp\/v2\/types\/page"}],"author":[{"embeddable":true,"href":"https:\/\/serfrisa.es\/index.php?rest_route=\/wp\/v2\/users\/1"}],"replies":[{"embeddable":true,"href":"https:\/\/serfrisa.es\/index.php?rest_route=%2Fwp%2Fv2%2Fcomments&post=4449"}],"version-history":[{"count":74,"href":"https:\/\/serfrisa.es\/index.php?rest_route=\/wp\/v2\/pages\/4449\/revisions"}],"predecessor-version":[{"id":4614,"href":"https:\/\/serfrisa.es\/index.php?rest_route=\/wp\/v2\/pages\/4449\/revisions\/4614"}],"wp:attachment":[{"href":"https:\/\/serfrisa.es\/index.php?rest_route=%2Fwp%2Fv2%2Fmedia&parent=4449"}],"curies":[{"name":"wp","href":"https:\/\/api.w.org\/{rel}","templated":true}]}}